{"id":18,"date":"2020-11-11T12:02:50","date_gmt":"2020-11-11T12:02:50","guid":{"rendered":"http:\/\/www.grafas.org\/demo04\/?page_id=18"},"modified":"2024-11-07T10:58:14","modified_gmt":"2024-11-07T10:58:14","slug":"home","status":"publish","type":"page","link":"https:\/\/laboratoruldemetal.ro\/","title":{"rendered":"Prima pagina"},"content":{"rendered":"\t\t<div data-elementor-type=\"wp-page\" data-elementor-id=\"18\" class=\"elementor elementor-18\">\n\t\t\t\t\t\t<section class=\"elementor-section elementor-top-section elementor-element elementor-element-27e8c6d1 elementor-section-full_width elementor-section-height-min-height elementor-section-items-stretch elementor-section-height-default\" data-id=\"27e8c6d1\" data-element_type=\"section\">\n\t\t\t\t\t\t<div class=\"elementor-container elementor-column-gap-default\">\n\t\t\t\t\t<div class=\"elementor-column elementor-col-100 elementor-top-column elementor-element elementor-element-66b5d39d\" data-id=\"66b5d39d\" data-element_type=\"column\" data-settings=\"{&quot;background_background&quot;:&quot;classic&quot;}\">\n\t\t\t<div class=\"elementor-widget-wrap\">\n\t\t\t\t\t\t\t<\/div>\n\t\t<\/div>\n\t\t\t\t\t<\/div>\n\t\t<\/section>\n\t\t<div class=\"elementor-element elementor-element-a07fe08 e-flex e-con-boxed e-con e-parent\" data-id=\"a07fe08\" data-element_type=\"container\">\n\t\t\t\t\t<div class=\"e-con-inner\">\n\t\t\t\t<div class=\"elementor-element elementor-element-c2ceece elementor-widget elementor-widget-text-editor\" data-id=\"c2ceece\" data-element_type=\"widget\" data-widget_type=\"text-editor.default\">\n\t\t\t\t<div class=\"elementor-widget-container\">\n\t\t\t\t\t\t\t<p><strong>Serviciile noastre includ:<\/strong><\/p><p>Fabricarea structurilor metalice pentru construc\u021bii: Producem turnuri, st\u00e2lpi, grinzi cu z\u0103brele \u0219i poduri, respect\u00e2nd standardele \u00eenalte ale industriei.<br \/>Structuri metalice industriale: Realiz\u0103m structuri complexe pentru furnale \u0219i echipamente de ridicat \u0219i manevrat, adaptate cerin\u021belor fiec\u0103rui proiect.<br \/>Construc\u021bii prefabricate din metal: Oferim solu\u021bii modulare, cum ar fi bar\u0103ci metalice \u0219i elemente pentru expozi\u021bii, versatile \u0219i u\u0219or de montat.<\/p>\t\t\t\t\t\t<\/div>\n\t\t\t\t<\/div>\n\t\t\t\t<div class=\"elementor-element elementor-element-c4ab291 elementor-widget elementor-widget-text-editor\" data-id=\"c4ab291\" data-element_type=\"widget\" data-widget_type=\"text-editor.default\">\n\t\t\t\t<div class=\"elementor-widget-container\">\n\t\t\t\t\t\t\t<p><strong>Angajamentul nostru:<\/strong><\/p><p>La Laboratorul de Metal SRL, ne dedic\u0103m excelen\u021bei \u00een fiecare produs. Echipa noastr\u0103 de profesioni\u0219ti cu experien\u021b\u0103 se asigur\u0103 c\u0103 fiecare structur\u0103 metalic\u0103 fabricat\u0103 respect\u0103 cerin\u021bele de siguran\u021b\u0103 \u0219i durabilitate, oferind solu\u021bii adaptate nevoilor clien\u021bilor no\u0219tri.<\/p>\t\t\t\t\t\t<\/div>\n\t\t\t\t<\/div>\n\t\t\t\t\t<\/div>\n\t\t\t\t<\/div>\n\t\t<div class=\"elementor-element elementor-element-9d3bfaa e-grid e-con-full e-con e-parent\" data-id=\"9d3bfaa\" data-element_type=\"container\">\n\t\t\t\t<div class=\"elementor-element elementor-element-6c1b2c6 elementor-position-top elementor-widget elementor-widget-image-box\" data-id=\"6c1b2c6\" data-element_type=\"widget\" data-widget_type=\"image-box.default\">\n\t\t\t\t<div class=\"elementor-widget-container\">\n\t\t\t<div class=\"elementor-image-box-wrapper\"><figure class=\"elementor-image-box-img\"><img fetchpriority=\"high\" decoding=\"async\" width=\"1600\" height=\"1200\" src=\"https:\/\/laboratoruldemetal.ro\/wp-content\/uploads\/2024\/11\/c2ce4025-d368-4b4d-949d-a819071f05b8.jpeg\" class=\"attachment-full size-full wp-image-2709\" alt=\"\" srcset=\"https:\/\/laboratoruldemetal.ro\/wp-content\/uploads\/2024\/11\/c2ce4025-d368-4b4d-949d-a819071f05b8.jpeg 1600w, https:\/\/laboratoruldemetal.ro\/wp-content\/uploads\/2024\/11\/c2ce4025-d368-4b4d-949d-a819071f05b8-300x225.jpeg 300w, https:\/\/laboratoruldemetal.ro\/wp-content\/uploads\/2024\/11\/c2ce4025-d368-4b4d-949d-a819071f05b8-1024x768.jpeg 1024w, https:\/\/laboratoruldemetal.ro\/wp-content\/uploads\/2024\/11\/c2ce4025-d368-4b4d-949d-a819071f05b8-768x576.jpeg 768w, https:\/\/laboratoruldemetal.ro\/wp-content\/uploads\/2024\/11\/c2ce4025-d368-4b4d-949d-a819071f05b8-1536x1152.jpeg 1536w\" sizes=\"(max-width: 1600px) 100vw, 1600px\" \/><\/figure><div class=\"elementor-image-box-content\"><h3 class=\"elementor-image-box-title\">Executam suporti metalici pentru depozitare (dup\u0103 proiectul beneficiarului)<\/h3><\/div><\/div>\t\t<\/div>\n\t\t\t\t<\/div>\n\t\t\t\t<div class=\"elementor-element elementor-element-74d20b0 elementor-position-top elementor-widget elementor-widget-image-box\" data-id=\"74d20b0\" data-element_type=\"widget\" data-widget_type=\"image-box.default\">\n\t\t\t\t<div class=\"elementor-widget-container\">\n\t\t\t<div class=\"elementor-image-box-wrapper\"><figure class=\"elementor-image-box-img\"><img decoding=\"async\" width=\"1600\" height=\"1200\" src=\"https:\/\/laboratoruldemetal.ro\/wp-content\/uploads\/2024\/11\/WhatsApp-Image-2024-10-30-at-09.20.19-2.jpeg\" class=\"attachment-full size-full wp-image-2711\" alt=\"\" srcset=\"https:\/\/laboratoruldemetal.ro\/wp-content\/uploads\/2024\/11\/WhatsApp-Image-2024-10-30-at-09.20.19-2.jpeg 1600w, https:\/\/laboratoruldemetal.ro\/wp-content\/uploads\/2024\/11\/WhatsApp-Image-2024-10-30-at-09.20.19-2-300x225.jpeg 300w, https:\/\/laboratoruldemetal.ro\/wp-content\/uploads\/2024\/11\/WhatsApp-Image-2024-10-30-at-09.20.19-2-1024x768.jpeg 1024w, https:\/\/laboratoruldemetal.ro\/wp-content\/uploads\/2024\/11\/WhatsApp-Image-2024-10-30-at-09.20.19-2-768x576.jpeg 768w, https:\/\/laboratoruldemetal.ro\/wp-content\/uploads\/2024\/11\/WhatsApp-Image-2024-10-30-at-09.20.19-2-1536x1152.jpeg 1536w\" sizes=\"(max-width: 1600px) 100vw, 1600px\" \/><\/figure><div class=\"elementor-image-box-content\"><h3 class=\"elementor-image-box-title\">Executam piese  -placi-sc\u0103ri\u021be-pentru elemente din beton  sau pentru diferite elemente de sus\u021binere -conform proiect<\/h3><\/div><\/div>\t\t<\/div>\n\t\t\t\t<\/div>\n\t\t\t\t<div class=\"elementor-element elementor-element-2b25526 elementor-position-top elementor-widget elementor-widget-image-box\" data-id=\"2b25526\" data-element_type=\"widget\" data-widget_type=\"image-box.default\">\n\t\t\t\t<div class=\"elementor-widget-container\">\n\t\t\t<div class=\"elementor-image-box-wrapper\"><figure class=\"elementor-image-box-img\"><img decoding=\"async\" width=\"1600\" height=\"1200\" src=\"https:\/\/laboratoruldemetal.ro\/wp-content\/uploads\/2024\/11\/WhatsApp-Image-2024-10-30-at-09.22.33-1.jpeg\" class=\"attachment-full size-full wp-image-2717\" alt=\"\" srcset=\"https:\/\/laboratoruldemetal.ro\/wp-content\/uploads\/2024\/11\/WhatsApp-Image-2024-10-30-at-09.22.33-1.jpeg 1600w, https:\/\/laboratoruldemetal.ro\/wp-content\/uploads\/2024\/11\/WhatsApp-Image-2024-10-30-at-09.22.33-1-300x225.jpeg 300w, https:\/\/laboratoruldemetal.ro\/wp-content\/uploads\/2024\/11\/WhatsApp-Image-2024-10-30-at-09.22.33-1-1024x768.jpeg 1024w, https:\/\/laboratoruldemetal.ro\/wp-content\/uploads\/2024\/11\/WhatsApp-Image-2024-10-30-at-09.22.33-1-768x576.jpeg 768w, https:\/\/laboratoruldemetal.ro\/wp-content\/uploads\/2024\/11\/WhatsApp-Image-2024-10-30-at-09.22.33-1-1536x1152.jpeg 1536w\" sizes=\"(max-width: 1600px) 100vw, 1600px\" \/><\/figure><div class=\"elementor-image-box-content\"><h3 class=\"elementor-image-box-title\">Executam diferite forme din fier pentru protec\u021bie. Scaune metalice, g\u0103urim diferite elemente metalice<\/h3><p class=\"elementor-image-box-description\">\n<\/p><\/div><\/div>\t\t<\/div>\n\t\t\t\t<\/div>\n\t\t\t\t<\/div>\n\t\t\t\t<\/div>\n\t\t","protected":false},"excerpt":{"rendered":"<p>Serviciile noastre includ: Fabricarea structurilor metalice pentru construc\u021bii: Producem turnuri, st\u00e2lpi, grinzi cu z\u0103brele \u0219i poduri, respect\u00e2nd standardele \u00eenalte ale industriei.Structuri metalice industriale: Realiz\u0103m structuri complexe pentru furnale \u0219i echipamente de ridicat \u0219i manevrat, adaptate cerin\u021belor fiec\u0103rui proiect.Construc\u021bii prefabricate din metal: Oferim solu\u021bii modulare, cum ar fi bar\u0103ci metalice \u0219i elemente pentru expozi\u021bii, versatile \u0219i&#8230;<\/p>\n","protected":false},"author":1,"featured_media":0,"parent":0,"menu_order":0,"comment_status":"closed","ping_status":"closed","template":"elementor_header_footer","meta":{"_kadence_starter_templates_imported_post":true,"_kad_post_transparent":"","_kad_post_title":"hide","_kad_post_layout":"fullwidth","_kad_post_sidebar_id":"","_kad_post_content_style":"unboxed","_kad_post_vertical_padding":"hide","_kad_post_feature":"hide","_kad_post_feature_position":"","_kad_post_header":false,"_kad_post_footer":false,"footnotes":""},"class_list":["post-18","page","type-page","status-publish","hentry"],"_links":{"self":[{"href":"https:\/\/laboratoruldemetal.ro\/index.php\/wp-json\/wp\/v2\/pages\/18","targetHints":{"allow":["GET"]}}],"collection":[{"href":"https:\/\/laboratoruldemetal.ro\/index.php\/wp-json\/wp\/v2\/pages"}],"about":[{"href":"https:\/\/laboratoruldemetal.ro\/index.php\/wp-json\/wp\/v2\/types\/page"}],"author":[{"embeddable":true,"href":"https:\/\/laboratoruldemetal.ro\/index.php\/wp-json\/wp\/v2\/users\/1"}],"replies":[{"embeddable":true,"href":"https:\/\/laboratoruldemetal.ro\/index.php\/wp-json\/wp\/v2\/comments?post=18"}],"version-history":[{"count":41,"href":"https:\/\/laboratoruldemetal.ro\/index.php\/wp-json\/wp\/v2\/pages\/18\/revisions"}],"predecessor-version":[{"id":2831,"href":"https:\/\/laboratoruldemetal.ro\/index.php\/wp-json\/wp\/v2\/pages\/18\/revisions\/2831"}],"wp:attachment":[{"href":"https:\/\/laboratoruldemetal.ro\/index.php\/wp-json\/wp\/v2\/media?parent=18"}],"curies":[{"name":"wp","href":"https:\/\/api.w.org\/{rel}","templated":true}]}}